{"id":103568,"date":"2023-06-13T07:46:57","date_gmt":"2023-06-13T07:46:57","guid":{"rendered":"https:\/\/www.wpdirectorykit.com\/nexproperty\/?page_id=103568"},"modified":"2023-06-13T08:09:58","modified_gmt":"2023-06-13T08:09:58","slug":"home-alt","status":"publish","type":"page","link":"https:\/\/28power.com\/?page_id=103568","title":{"rendered":"Home Alt Golden"},"content":{"rendered":"<p><a href=\"https:\/\/28power.com\/wp-login.php?action=logout&amp;redirect_to=https%3A%2F%2F28power.com&amp;_wpnonce=284c2e3328\" id=\"\" \n        title=\"Logout\" \n       ><br \/>\n                    <svg aria-hidden=\"true\" viewBox=\"0 0 640 512\" xmlns=\"http:\/\/www.w3.org\/2000\/svg\"><path d=\"M589.6 240l45.6-45.6c6.3-6.3 6.3-16.5 0-22.8l-22.8-22.8c-6.3-6.3-16.5-6.3-22.8 0L544 194.4l-45.6-45.6c-6.3-6.3-16.5-6.3-22.8 0l-22.8 22.8c-6.3 6.3-6.3 16.5 0 22.8l45.6 45.6-45.6 45.6c-6.3 6.3-6.3 16.5 0 22.8l22.8 22.8c6.3 6.3 16.5 6.3 22.8 0l45.6-45.6 45.6 45.6c6.3 6.3 16.5 6.3 22.8 0l22.8-22.8c6.3-6.3 6.3-16.5 0-22.8L589.6 240zM224 256c70.7 0 128-57.3 128-128S294.7 0 224 0 96 57.3 96 128s57.3 128 128 128zm89.6 32h-16.7c-22.2 10.2-46.9 16-72.9 16s-50.6-5.8-72.9-16h-16.7C60.2 288 0 348.2 0 422.4V464c0 26.5 21.5 48 48 48h352c26.5 0 48-21.5 48-48v-41.6c0-74.2-60.2-134.4-134.4-134.4z\"><\/path><\/svg>                            <\/a><br \/>\n        <a href=\"https:\/\/28power.com\/wp-admin\/admin.php?page=wdk\" \n            title=\"Dash\"\n            id=\"\"><br \/>\n                                                                        <\/a><br \/>\n                                                    <a  href=\"https:\/\/28power.com\/\"  ><br \/>\n                    <img decoding=\"async\" src=\"https:\/\/28power.com\/wp-content\/uploads\/2023\/06\/cropped-logo-no-background.png\"  \/><br \/>\n                <\/a><\/p>\n<nav role=\"navigation\">\n<ul id=\"menu-1-f31c433\">\n<li><a href=\"https:\/\/28power.com\/\">Home<\/a><\/li>\n<li><a>Home Alt<\/a>\n<ul>\n<li><a href=\"https:\/\/28power.com\/?page_id=103568\">Header Search<\/a><\/li>\n<li><a href=\"https:\/\/28power.com\/?page_id=103110\">Grid Map<\/a><\/li>\n<li><a href=\"https:\/\/28power.com\/?page_id=1032811\">List Map<\/a><\/li>\n<\/ul>\n<\/li>\n<li><a>Pages<\/a>\n<ul>\n<li><a href=\"https:\/\/28power.com\/?page_id=1031678\">Blog<\/a><\/li>\n<li><a href=\"https:\/\/28power.com\/?page_id=1032586\">Rent<\/a><\/li>\n<li><a href=\"https:\/\/28power.com\/?page_id=1032598\">Sale<\/a><\/li>\n<li><a href=\"https:\/\/28power.com\/?page_id=1033401\">Featured\u200b<\/a><\/li>\n<\/ul>\n<\/li>\n<li><a href=\"https:\/\/28power.com\/?page_id=103871\">Contact<\/a><\/li>\n<\/ul>\n<\/nav>\n<nav role=\"navigation\" aria-hidden=\"true\">\n            <a href=\"#\"><br \/>\n            <\/a><\/p>\n<ul id=\"menu-1-f31c433\">\n<li><a href=\"https:\/\/28power.com\/\">Home<\/a><\/li>\n<li><a>Home Alt<\/a>\n<ul>\n<li><a href=\"https:\/\/28power.com\/?page_id=103568\">Header Search<\/a><\/li>\n<li><a href=\"https:\/\/28power.com\/?page_id=103110\">Grid Map<\/a><\/li>\n<li><a href=\"https:\/\/28power.com\/?page_id=1032811\">List Map<\/a><\/li>\n<\/ul>\n<\/li>\n<li><a>Pages<\/a>\n<ul>\n<li><a href=\"https:\/\/28power.com\/?page_id=1031678\">Blog<\/a><\/li>\n<li><a href=\"https:\/\/28power.com\/?page_id=1032586\">Rent<\/a><\/li>\n<li><a href=\"https:\/\/28power.com\/?page_id=1032598\">Sale<\/a><\/li>\n<li><a href=\"https:\/\/28power.com\/?page_id=1033401\">Featured\u200b<\/a><\/li>\n<\/ul>\n<\/li>\n<li><a href=\"https:\/\/28power.com\/?page_id=103871\">Contact<\/a><\/li>\n<\/ul>\n<\/nav>\n<p>        <a href=\"https:\/\/28power.com\/wp-login.php?action=logout&amp;redirect_to=https%3A%2F%2F28power.com&amp;_wpnonce=284c2e3328\" id=\"\" \n        title=\"Logout\" \n       ><br \/>\n                    <svg aria-hidden=\"true\" viewBox=\"0 0 640 512\" xmlns=\"http:\/\/www.w3.org\/2000\/svg\"><path d=\"M589.6 240l45.6-45.6c6.3-6.3 6.3-16.5 0-22.8l-22.8-22.8c-6.3-6.3-16.5-6.3-22.8 0L544 194.4l-45.6-45.6c-6.3-6.3-16.5-6.3-22.8 0l-22.8 22.8c-6.3 6.3-6.3 16.5 0 22.8l45.6 45.6-45.6 45.6c-6.3 6.3-6.3 16.5 0 22.8l22.8 22.8c6.3 6.3 16.5 6.3 22.8 0l45.6-45.6 45.6 45.6c6.3 6.3 16.5 6.3 22.8 0l22.8-22.8c6.3-6.3 6.3-16.5 0-22.8L589.6 240zM224 256c70.7 0 128-57.3 128-128S294.7 0 224 0 96 57.3 96 128s57.3 128 128 128zm89.6 32h-16.7c-22.2 10.2-46.9 16-72.9 16s-50.6-5.8-72.9-16h-16.7C60.2 288 0 348.2 0 422.4V464c0 26.5 21.5 48 48 48h352c26.5 0 48-21.5 48-48v-41.6c0-74.2-60.2-134.4-134.4-134.4z\"><\/path><\/svg>                            <\/a><br \/>\n        <a href=\"https:\/\/28power.com\/wp-admin\/admin.php?page=wdk\" \n            title=\"Dash\"\n            id=\"\"><br \/>\n                                                                        <\/a><br \/>\n            <a href=\"https:\/\/28power.com\/wp-admin\/admin.php?page=wdk_listing\" id=\"\"><br \/>\n                    <svg aria-hidden=\"true\" viewBox=\"0 0 448 512\" xmlns=\"http:\/\/www.w3.org\/2000\/svg\"><path d=\"M416 208H272V64c0-17.67-14.33-32-32-32h-32c-17.67 0-32 14.33-32 32v144H32c-17.67 0-32 14.33-32 32v32c0 17.67 14.33 32 32 32h144v144c0 17.67 14.33 32 32 32h32c17.67 0 32-14.33 32-32V304h144c17.67 0 32-14.33 32-32v-32c0-17.67-14.33-32-32-32z\"><\/path><\/svg>                Add Property            <\/a><\/p>\n<style>\/*! elementor - v3.13.3 - 28-05-2023 *\/\n.elementor-heading-title{padding:0;margin:0;line-height:1}.elementor-widget-heading .elementor-heading-title[class*=elementor-size-]>a{color:inherit;font-size:inherit;line-height:inherit}.elementor-widget-heading .elementor-heading-title.elementor-size-small{font-size:15px}.elementor-widget-heading .elementor-heading-title.elementor-size-medium{font-size:19px}.elementor-widget-heading .elementor-heading-title.elementor-size-large{font-size:29px}.elementor-widget-heading .elementor-heading-title.elementor-size-xl{font-size:39px}.elementor-widget-heading .elementor-heading-title.elementor-size-xxl{font-size:59px}<\/style>\n<h2>Pasuri T\u00eb Paluajtshme P\u00ebr Ju<\/h2>\n<h2>Gjeni sht\u00ebpin\u00eb e p\u00ebrsosur<\/h2>\n<form data-current-link=\"\" data-scrollto=\"results\" action=\"https:\/\/28power.com\/?page_id=103110\">\n                    <a href=\"https:\/\/28power.com\/wp-admin\/admin.php?page=wdk_searchform\" title=\"Edit search form\" target=\"_blank\" rel=\"noopener\"><\/a><br \/>\n    <label>Search<\/label><br \/>\n                    <input name=\"field_search\" type=\"text\" id=\"wdk_field_search\" value=\"\" placeholder=\"Search\"><br \/>\n        <label>Location<\/label><br \/>\n        <input name=\"search_location\" value=\"\" type=\"text\" id=\"wdktreeelem0\" readonly\/><br \/>\n        <label>Category<\/label><br \/>\n        <input name=\"search_category\" value=\"\" type=\"text\" id=\"wdktreeelem1\" readonly\/><br \/>\n                        <button id=\"wdk-search-additional\" type=\"button\">M\u00eb shum\u00eb<\/button><br \/>\n                        <input type='checkbox' style=\"display: none !important\" value='1' name='wdk_search_additional_opened' \/><br \/>\n                        <button id=\"wdk-start-primary\" type=\"submit\">&nbsp;&nbsp;K\u00ebrko&nbsp;&nbsp;<\/button><br \/>\n    <label>Sale Price<\/label><br \/>\n                        <input name=\"field_6_min\" type=\"number\" id=\"wdk_field_6_min\" value=\"\" placeholder=\"Min Sale Price  ($)\"><br \/>\n                        <input name=\"field_6_max\" type=\"number\" id=\"wdk_field_6_max\" value=\"\" placeholder=\"Max Sale Price  ($)\"><br \/>\n        <label for=\"wdk_field_29\"><br \/>\n            <input name=\"field_29\"  type=\"checkbox\" id=\"wdk_field_29\" value=\"1\"><br \/>\n            Washer        <\/label><br \/>\n        <label for=\"wdk_field_33\"><br \/>\n            <input name=\"field_33\"  type=\"checkbox\" id=\"wdk_field_33\" value=\"1\"><br \/>\n            Fireplace        <\/label><br \/>\n        <label for=\"wdk_field_37\"><br \/>\n            <input name=\"field_37\"  type=\"checkbox\" id=\"wdk_field_37\" value=\"1\"><br \/>\n            Refrigerator        <\/label><br \/>\n        <label for=\"wdk_field_38\"><br \/>\n            <input name=\"field_38\"  type=\"checkbox\" id=\"wdk_field_38\" value=\"1\"><br \/>\n            WiFi        <\/label><br \/>\n        <label for=\"wdk_field_31\"><br \/>\n            <input name=\"field_31\"  type=\"checkbox\" id=\"wdk_field_31\" value=\"1\"><br \/>\n            Air Conditioning        <\/label><br \/>\n        <\/form>\n<h2>Karakteristikat e ve\u00e7uara<\/h2>\n<p>                                <img decoding=\"async\" src=\"https:\/\/28power.com\/wp-content\/uploads\/2023\/06\/real-estate-20-1.jpg\" alt=\"\" ><br \/>\n                                <a href=\"https:\/\/28power.com\/?wdk-listing=kingston-house\" title=\"Kingston House\"><\/a><br \/>\n                                <img decoding=\"async\" src=\"https:\/\/28power.com\/wp-content\/uploads\/2023\/06\/real-estate-21.jpg\" alt=\"\" ><br \/>\n                                <a href=\"https:\/\/28power.com\/?wdk-listing=kingston-house\" title=\"Kingston House\"><\/a><br \/>\n                        <a href=\"#prev\"><br \/>\n                                                    <\/a><br \/>\n                        <a href=\"#next\"><br \/>\n                                                    <\/a><br \/>\n        <a href=\"https:\/\/28power.com\/?wdk-listing=kingston-house\" title=\"Kingston House\"><\/a><br \/>\n                Sheffield<br \/>\n                Rent                 <\/p>\n<h2>\n                    <a href=\"https:\/\/28power.com\/?wdk-listing=kingston-house\" title=\"Kingston House\"><br \/>\n                            Kingston House<br \/>\n                                            <\/a><br \/>\n                <\/h2>\n<p>                    Lorem ipsum dolor sit amet, consectetur adipiscing elit, sed do eiusmod tempor incididunt ut labore et dolore magna aliqua.<br \/>\n                                                            Bedrooms:<br \/>\n                            2<br \/>\n                                                            Bathrooms:<br \/>\n                            1<br \/>\n                                                            Size:<br \/>\n                            90m\u00b2<br \/>\n                            $                                                                                                125,000<br \/>\n                <a href=\"https:\/\/28power.com\/?wdk-listing=kingston-house\"><\/a><br \/>\n                                <img decoding=\"async\" src=\"https:\/\/28power.com\/wp-content\/uploads\/2023\/06\/real-estate-19.jpg\" alt=\"\" ><br \/>\n                                <a href=\"https:\/\/28power.com\/?wdk-listing=icy-apartment\" title=\"Icy Apartment\"><\/a><br \/>\n                                <img decoding=\"async\" src=\"https:\/\/28power.com\/wp-content\/uploads\/2023\/06\/real-estate-20.jpg\" alt=\"\" ><br \/>\n                                <a href=\"https:\/\/28power.com\/?wdk-listing=icy-apartment\" title=\"Icy Apartment\"><\/a><br \/>\n                        <a href=\"#prev\"><br \/>\n                                                    <\/a><br \/>\n                        <a href=\"#next\"><br \/>\n                                                    <\/a><br \/>\n        <a href=\"https:\/\/28power.com\/?wdk-listing=icy-apartment\" title=\"Icy Apartment\"><\/a><br \/>\n                Manchester<br \/>\n                Sale                 <\/p>\n<h2>\n                    <a href=\"https:\/\/28power.com\/?wdk-listing=icy-apartment\" title=\"Icy Apartment\"><br \/>\n                            Icy Apartment<br \/>\n                                            <\/a><br \/>\n                <\/h2>\n<p>                    Lorem ipsum dolor sit amet, consectetur adipiscing elit, sed do eiusmod tempor incididunt ut labore et dolore magna aliqua.<br \/>\n                                                            Bedrooms:<br \/>\n                            4<br \/>\n                                                            Bathrooms:<br \/>\n                            2<br \/>\n                                                            Size:<br \/>\n                            60m\u00b2<br \/>\n                            $                                                                                                75,000<br \/>\n                <a href=\"https:\/\/28power.com\/?wdk-listing=icy-apartment\"><\/a><br \/>\n                                <img decoding=\"async\" src=\"https:\/\/28power.com\/wp-content\/uploads\/2023\/06\/real-estate-17-1.jpg\" alt=\"\" ><br \/>\n                                <a href=\"https:\/\/28power.com\/?wdk-listing=sealine-apartment\" title=\"SeaLine Apartment\"><\/a><br \/>\n                                <img decoding=\"async\" src=\"https:\/\/28power.com\/wp-content\/uploads\/2023\/06\/real-estate-18.jpg\" alt=\"\" ><br \/>\n                                <a href=\"https:\/\/28power.com\/?wdk-listing=sealine-apartment\" title=\"SeaLine Apartment\"><\/a><br \/>\n                        <a href=\"#prev\"><br \/>\n                                                    <\/a><br \/>\n                        <a href=\"#next\"><br \/>\n                                                    <\/a><br \/>\n        <a href=\"https:\/\/28power.com\/?wdk-listing=sealine-apartment\" title=\"SeaLine Apartment\"><\/a><br \/>\n                Manchester<br \/>\n                Rent                 <\/p>\n<h2>\n                    <a href=\"https:\/\/28power.com\/?wdk-listing=sealine-apartment\" title=\"SeaLine Apartment\"><br \/>\n                            SeaLine Apartment<br \/>\n                                            <\/a><br \/>\n                <\/h2>\n<p>                    Lorem ipsum dolor sit amet, consectetur adipiscing elit, sed do eiusmod tempor incididunt ut labore et dolore magna aliqua.<br \/>\n                                                            Bedrooms:<br \/>\n                            7<br \/>\n                                                            Bathrooms:<br \/>\n                            3<br \/>\n                                                            Size:<br \/>\n                            350m\u00b2<br \/>\n                            $                                                                                                380,000<br \/>\n                <a href=\"https:\/\/28power.com\/?wdk-listing=sealine-apartment\"><\/a><\/p>\n<h2>Kategorit\u00eb<\/h2>\n<p>                                                                    <img decoding=\"async\" src=\"https:\/\/28power.com\/wp-content\/uploads\/2023\/06\/real-estate-category-6.png\" alt=\"Parking\"><\/p>\n<h3>Parking<\/h3>\n<p>                            <a href=\"https:\/\/28power.com\/?page_id=103110&#038;search_category=7#results\" ><\/a><br \/>\n                                                                    <img decoding=\"async\" src=\"https:\/\/28power.com\/wp-content\/uploads\/2023\/06\/real-estate-category-5.png\" alt=\"Garage\"><\/p>\n<h3>Garage<\/h3>\n<p>                            <a href=\"https:\/\/28power.com\/?page_id=103110&#038;search_category=6#results\" ><\/a><br \/>\n                                                                    <img decoding=\"async\" src=\"https:\/\/28power.com\/wp-content\/uploads\/2023\/06\/real-estate-category-7.png\" alt=\"Industrial\"><\/p>\n<h3>Industrial<\/h3>\n<p>                            <a href=\"https:\/\/28power.com\/?page_id=103110&#038;search_category=5#results\" ><\/a><br \/>\n                                                                    <img decoding=\"async\" src=\"https:\/\/28power.com\/wp-content\/uploads\/2023\/06\/real-estate-category-4.png\" alt=\"Commercial\"><\/p>\n<h3>Commercial<\/h3>\n<p>                            <a href=\"https:\/\/28power.com\/?page_id=103110&#038;search_category=4#results\" ><\/a><br \/>\n                                                                    <img decoding=\"async\" src=\"https:\/\/28power.com\/wp-content\/uploads\/2023\/06\/real-estate-category-3.png\" alt=\"Agriculture\"><\/p>\n<h3>Agriculture<\/h3>\n<p>                            <a href=\"https:\/\/28power.com\/?page_id=103110&#038;search_category=3#results\" ><\/a><br \/>\n\t\t\tCopyright \u00a9 2023 Power 28<\/p>\n","protected":false},"excerpt":{"rendered":"<p>Home Home Alt Header Search Grid Map List Map Pages Blog Rent Sale Featured\u200b Contact Home Home Alt Header Search Grid Map List Map Pages Blog Rent Sale Featured\u200b Contact Add Property Pasuri T\u00eb Paluajtshme P\u00ebr Ju Gjeni sht\u00ebpin\u00eb e p\u00ebrsosur Search Location Category M\u00eb shum\u00eb &nbsp;&nbsp;K\u00ebrko&nbsp;&nbsp; Sale Price Washer Fireplace Refrigerator WiFi Air Conditioning [&hellip;]<\/p>\n","protected":false},"author":1,"featured_media":0,"parent":0,"menu_order":0,"comment_status":"closed","ping_status":"closed","template":"elementor_canvas","meta":{"footnotes":""},"class_list":["post-103568","page","type-page","status-publish","hentry"],"_links":{"self":[{"href":"https:\/\/28power.com\/index.php?rest_route=\/wp\/v2\/pages\/103568","targetHints":{"allow":["GET"]}}],"collection":[{"href":"https:\/\/28power.com\/index.php?rest_route=\/wp\/v2\/pages"}],"about":[{"href":"https:\/\/28power.com\/index.php?rest_route=\/wp\/v2\/types\/page"}],"author":[{"embeddable":true,"href":"https:\/\/28power.com\/index.php?rest_route=\/wp\/v2\/users\/1"}],"replies":[{"embeddable":true,"href":"https:\/\/28power.com\/index.php?rest_route=%2Fwp%2Fv2%2Fcomments&post=103568"}],"version-history":[{"count":7,"href":"https:\/\/28power.com\/index.php?rest_route=\/wp\/v2\/pages\/103568\/revisions"}],"predecessor-version":[{"id":1033507,"href":"https:\/\/28power.com\/index.php?rest_route=\/wp\/v2\/pages\/103568\/revisions\/1033507"}],"wp:attachment":[{"href":"https:\/\/28power.com\/index.php?rest_route=%2Fwp%2Fv2%2Fmedia&parent=103568"}],"curies":[{"name":"wp","href":"https:\/\/api.w.org\/{rel}","templated":true}]}}